{"id":258,"date":"2022-04-07T17:51:52","date_gmt":"2022-04-07T17:51:52","guid":{"rendered":"https:\/\/jippoo.com\/?page_id=258"},"modified":"2022-05-11T20:21:50","modified_gmt":"2022-05-11T20:21:50","slug":"utvecklingsplan","status":"publish","type":"page","link":"https:\/\/jippoo.com\/en\/utvecklingsplan\/","title":{"rendered":"Development plan"},"content":{"rendered":"<p>Here you can stay updated on what's in progress in our development plan and what known bugs we've solved. Do you miss anything you can't find in the list? Send a feature request to <a href=\"mailto:hej@techtify.se\">hej@techtify.se<\/a> and we'll bring it up during our planing meetings. If you request something that we decide to develop you will be noticed both here and in our social media accounts.<\/p>\n\n\n\n<h3 class=\"wp-block-heading\">New features<\/h3>\n\n\n\n<ul class=\"wp-block-list\"><li><strong>Polls - let your attendees vote on what dates works best or what they want to do during the event. DONE!<\/strong><\/li><li><strong>Wishlist - add things you want for presents. Your attendees can pick the one they want to buy without you seeing it. DONE!<\/strong><\/li><li><strong>Language handling - adding English to start with. DONE!<\/strong><\/li><li>Create public events (shown to everyone in the app) - primarily for small companies or organizations.<\/li><li><strong>The possibility to send a request to join an event that you're not invited to yet. DONE!<\/strong><\/li><li>Possibility to invite a group to an event.<\/li><li><strong>Like feature on posts in groups and events. DONE!<\/strong><\/li><li>Possibility to create music quizzes. <em>In progress!<\/em><\/li><li><strong>Todo list in groups and events. DONE!<\/strong><\/li><li>Attach files in groups and events.<\/li><li><strong>Send direct messages to your friends in the app. DONE!<\/strong><\/li><li>Make the app available to tablets.<\/li><li>Performance optimization for both Android and iOS. <em>In progress!<\/em><\/li><li>and much more!<\/li><\/ul>\n\n\n\n<h3 class=\"wp-block-heading\">Bugs<\/h3>\n\n\n\n<p>No known bugs right now! Contact us via the support function in the app if you find one.<\/p>","protected":false},"excerpt":{"rendered":"<p>H\u00e4r kan du l\u00e4sa om vad som ligger n\u00e4rmst i v\u00e5r utvecklingsplan f\u00f6r vidareutveckling och buggar. Saknar du n\u00e5got som du inte hittar i listan? Skicka in ditt f\u00f6rslag till hej@techtify.se s\u00e5 tar vi med det under v\u00e5ra planeringsm\u00f6ten. Om vi tar fram en funktion baserat p\u00e5 ditt f\u00f6rslag blir du uppm\u00e4rksammad b\u00e5de h\u00e4r och&hellip;&nbsp;<a href=\"https:\/\/jippoo.com\/en\/utvecklingsplan\/\" rel=\"bookmark\">Read More &raquo;<span class=\"screen-reader-text\">Development plan<\/span><\/a><\/p>","protected":false},"author":1,"featured_media":0,"parent":0,"menu_order":0,"comment_status":"closed","ping_status":"closed","template":"","meta":{"neve_meta_sidebar":"","neve_meta_container":"","neve_meta_enable_content_width":"","neve_meta_content_width":0,"neve_meta_title_alignment":"","neve_meta_author_avatar":"","neve_post_elements_order":"","neve_meta_disable_header":"","neve_meta_disable_footer":"","neve_meta_disable_title":"","footnotes":""},"class_list":["post-258","page","type-page","status-publish","hentry"],"yoast_head":"<!-- This site is optimized with the Yoast SEO plugin v27.5 - https:\/\/yoast.com\/product\/yoast-seo-wordpress\/ -->\n<title>Utvecklingsplan - Jippoo<\/title>\n<meta name=\"robots\" content=\"index, follow, max-snippet:-1, max-image-preview:large, max-video-preview:-1\" \/>\n<link rel=\"canonical\" href=\"https:\/\/jippoo.com\/en\/utvecklingsplan\/\" \/>\n<meta property=\"og:locale\" content=\"en_GB\" \/>\n<meta property=\"og:type\" content=\"article\" \/>\n<meta property=\"og:title\" content=\"Utvecklingsplan - Jippoo\" \/>\n<meta property=\"og:description\" content=\"H\u00e4r kan du l\u00e4sa om vad som ligger n\u00e4rmst i v\u00e5r utvecklingsplan f\u00f6r vidareutveckling och buggar. Saknar du n\u00e5got som du inte hittar i listan? Skicka in ditt f\u00f6rslag till hej@techtify.se s\u00e5 tar vi med det under v\u00e5ra planeringsm\u00f6ten. Om vi tar fram en funktion baserat p\u00e5 ditt f\u00f6rslag blir du uppm\u00e4rksammad b\u00e5de h\u00e4r och&hellip;&nbsp;Read More &raquo;Utvecklingsplan\" \/>\n<meta property=\"og:url\" content=\"https:\/\/jippoo.com\/en\/utvecklingsplan\/\" \/>\n<meta property=\"og:site_name\" content=\"Jippoo\" \/>\n<meta property=\"article:modified_time\" content=\"2022-05-11T20:21:50+00:00\" \/>\n<meta name=\"twitter:card\" content=\"summary_large_image\" \/>\n<meta name=\"twitter:label1\" content=\"Estimated reading time\" \/>\n\t<meta name=\"twitter:data1\" content=\"2 minutes\" \/>\n<script type=\"application\/ld+json\" class=\"yoast-schema-graph\">{\"@context\":\"https:\\\/\\\/schema.org\",\"@graph\":[{\"@type\":\"WebPage\",\"@id\":\"https:\\\/\\\/jippoo.com\\\/utvecklingsplan\\\/\",\"url\":\"https:\\\/\\\/jippoo.com\\\/utvecklingsplan\\\/\",\"name\":\"Utvecklingsplan - Jippoo\",\"isPartOf\":{\"@id\":\"https:\\\/\\\/jippoo.com\\\/#website\"},\"datePublished\":\"2022-04-07T17:51:52+00:00\",\"dateModified\":\"2022-05-11T20:21:50+00:00\",\"breadcrumb\":{\"@id\":\"https:\\\/\\\/jippoo.com\\\/utvecklingsplan\\\/#breadcrumb\"},\"inLanguage\":\"en-GB\",\"potentialAction\":[{\"@type\":\"ReadAction\",\"target\":[\"https:\\\/\\\/jippoo.com\\\/utvecklingsplan\\\/\"]}]},{\"@type\":\"BreadcrumbList\",\"@id\":\"https:\\\/\\\/jippoo.com\\\/utvecklingsplan\\\/#breadcrumb\",\"itemListElement\":[{\"@type\":\"ListItem\",\"position\":1,\"name\":\"Hem\",\"item\":\"https:\\\/\\\/jippoo.com\\\/\"},{\"@type\":\"ListItem\",\"position\":2,\"name\":\"Utvecklingsplan\"}]},{\"@type\":\"WebSite\",\"@id\":\"https:\\\/\\\/jippoo.com\\\/#website\",\"url\":\"https:\\\/\\\/jippoo.com\\\/\",\"name\":\"Jippoo\",\"description\":\"Skapa event. Bjud in. Umg\u00e5s.\",\"publisher\":{\"@id\":\"https:\\\/\\\/jippoo.com\\\/#organization\"},\"potentialAction\":[{\"@type\":\"SearchAction\",\"target\":{\"@type\":\"EntryPoint\",\"urlTemplate\":\"https:\\\/\\\/jippoo.com\\\/?s={search_term_string}\"},\"query-input\":{\"@type\":\"PropertyValueSpecification\",\"valueRequired\":true,\"valueName\":\"search_term_string\"}}],\"inLanguage\":\"en-GB\"},{\"@type\":\"Organization\",\"@id\":\"https:\\\/\\\/jippoo.com\\\/#organization\",\"name\":\"Jippoo\",\"url\":\"https:\\\/\\\/jippoo.com\\\/\",\"logo\":{\"@type\":\"ImageObject\",\"inLanguage\":\"en-GB\",\"@id\":\"https:\\\/\\\/jippoo.com\\\/#\\\/schema\\\/logo\\\/image\\\/\",\"url\":\"https:\\\/\\\/jippoo.com\\\/wp-content\\\/uploads\\\/2021\\\/12\\\/logo_yellow.png\",\"contentUrl\":\"https:\\\/\\\/jippoo.com\\\/wp-content\\\/uploads\\\/2021\\\/12\\\/logo_yellow.png\",\"width\":226,\"height\":69,\"caption\":\"Jippoo\"},\"image\":{\"@id\":\"https:\\\/\\\/jippoo.com\\\/#\\\/schema\\\/logo\\\/image\\\/\"}}]}<\/script>\n<!-- \/ Yoast SEO plugin. -->","yoast_head_json":{"title":"Utvecklingsplan - Jippoo","robots":{"index":"index","follow":"follow","max-snippet":"max-snippet:-1","max-image-preview":"max-image-preview:large","max-video-preview":"max-video-preview:-1"},"canonical":"https:\/\/jippoo.com\/en\/utvecklingsplan\/","og_locale":"en_GB","og_type":"article","og_title":"Utvecklingsplan - Jippoo","og_description":"H\u00e4r kan du l\u00e4sa om vad som ligger n\u00e4rmst i v\u00e5r utvecklingsplan f\u00f6r vidareutveckling och buggar. Saknar du n\u00e5got som du inte hittar i listan? Skicka in ditt f\u00f6rslag till hej@techtify.se s\u00e5 tar vi med det under v\u00e5ra planeringsm\u00f6ten. Om vi tar fram en funktion baserat p\u00e5 ditt f\u00f6rslag blir du uppm\u00e4rksammad b\u00e5de h\u00e4r och&hellip;&nbsp;Read More &raquo;Utvecklingsplan","og_url":"https:\/\/jippoo.com\/en\/utvecklingsplan\/","og_site_name":"Jippoo","article_modified_time":"2022-05-11T20:21:50+00:00","twitter_card":"summary_large_image","twitter_misc":{"Estimated reading time":"2 minutes"},"schema":{"@context":"https:\/\/schema.org","@graph":[{"@type":"WebPage","@id":"https:\/\/jippoo.com\/utvecklingsplan\/","url":"https:\/\/jippoo.com\/utvecklingsplan\/","name":"Utvecklingsplan - Jippoo","isPartOf":{"@id":"https:\/\/jippoo.com\/#website"},"datePublished":"2022-04-07T17:51:52+00:00","dateModified":"2022-05-11T20:21:50+00:00","breadcrumb":{"@id":"https:\/\/jippoo.com\/utvecklingsplan\/#breadcrumb"},"inLanguage":"en-GB","potentialAction":[{"@type":"ReadAction","target":["https:\/\/jippoo.com\/utvecklingsplan\/"]}]},{"@type":"BreadcrumbList","@id":"https:\/\/jippoo.com\/utvecklingsplan\/#breadcrumb","itemListElement":[{"@type":"ListItem","position":1,"name":"Hem","item":"https:\/\/jippoo.com\/"},{"@type":"ListItem","position":2,"name":"Utvecklingsplan"}]},{"@type":"WebSite","@id":"https:\/\/jippoo.com\/#website","url":"https:\/\/jippoo.com\/","name":"Jippoo","description":"Skapa event. Bjud in. Umg\u00e5s.","publisher":{"@id":"https:\/\/jippoo.com\/#organization"},"potentialAction":[{"@type":"SearchAction","target":{"@type":"EntryPoint","urlTemplate":"https:\/\/jippoo.com\/?s={search_term_string}"},"query-input":{"@type":"PropertyValueSpecification","valueRequired":true,"valueName":"search_term_string"}}],"inLanguage":"en-GB"},{"@type":"Organization","@id":"https:\/\/jippoo.com\/#organization","name":"Jippoo","url":"https:\/\/jippoo.com\/","logo":{"@type":"ImageObject","inLanguage":"en-GB","@id":"https:\/\/jippoo.com\/#\/schema\/logo\/image\/","url":"https:\/\/jippoo.com\/wp-content\/uploads\/2021\/12\/logo_yellow.png","contentUrl":"https:\/\/jippoo.com\/wp-content\/uploads\/2021\/12\/logo_yellow.png","width":226,"height":69,"caption":"Jippoo"},"image":{"@id":"https:\/\/jippoo.com\/#\/schema\/logo\/image\/"}}]}},"_links":{"self":[{"href":"https:\/\/jippoo.com\/en\/wp-json\/wp\/v2\/pages\/258","targetHints":{"allow":["GET"]}}],"collection":[{"href":"https:\/\/jippoo.com\/en\/wp-json\/wp\/v2\/pages"}],"about":[{"href":"https:\/\/jippoo.com\/en\/wp-json\/wp\/v2\/types\/page"}],"author":[{"embeddable":true,"href":"https:\/\/jippoo.com\/en\/wp-json\/wp\/v2\/users\/1"}],"replies":[{"embeddable":true,"href":"https:\/\/jippoo.com\/en\/wp-json\/wp\/v2\/comments?post=258"}],"version-history":[{"count":13,"href":"https:\/\/jippoo.com\/en\/wp-json\/wp\/v2\/pages\/258\/revisions"}],"predecessor-version":[{"id":314,"href":"https:\/\/jippoo.com\/en\/wp-json\/wp\/v2\/pages\/258\/revisions\/314"}],"wp:attachment":[{"href":"https:\/\/jippoo.com\/en\/wp-json\/wp\/v2\/media?parent=258"}],"curies":[{"name":"wp","href":"https:\/\/api.w.org\/{rel}","templated":true}]}}