{"id":177,"date":"2022-03-27T16:55:02","date_gmt":"2022-03-27T16:55:02","guid":{"rendered":"https:\/\/jippoo.com\/?page_id=177"},"modified":"2022-04-07T20:11:38","modified_gmt":"2022-04-07T20:11:38","slug":"vanliga-fragor","status":"publish","type":"page","link":"https:\/\/jippoo.com\/en\/vanliga-fragor\/","title":{"rendered":"FAQ"},"content":{"rendered":"<hr class=\"wp-block-separator\"\/>\n\n\n\n<h3 class=\"wp-block-heading\">Why do I need Mobile BankID?<\/h3>\n\n\n\n<p>We have chosen to use Mobile BankID for three reasons:<\/p>\n\n\n\n<ul class=\"wp-block-list\"><li>It should be smooth and safe to login<\/li><li>Your contact informations such as first and surname is collected and added automatically<\/li><li>Each user can only have one account which makes it easier for all involved<\/li><\/ul>\n\n\n\n<h3 class=\"wp-block-heading\">Why don't you have connection to social medias to handle the invitation of friends to the app?<\/h3>\n\n\n\n<p>Social media is great for many thing, but one of the not-so-good thing is that we spend way too much time there. One of the main reasons why we've created Jippoo is that we want everyone to start hanging out outside their digital sphere again. All the friends you want to have in Jippoo you probably have a phone number or email to. <\/p>\n\n\n\n<h3 class=\"wp-block-heading\">How will Jippoo develop in the near future?<\/h3>\n\n\n\n<p>We think that what Jippoo is today is great, but we've only just begun. We have so many plans, ideas and co-operations that we will develop and release continuously. <\/p>\n\n\n\n<p>Do you miss a function in Jippoo? Check out the list with upcoming features in our <a href=\"https:\/\/jippoo.com\/en\/utvecklingsplan\/\">development plan<\/a>. On that page you're also able to send feature request to us.<\/p>\n\n\n\n<h3 class=\"wp-block-heading\">How do I contact you?<\/h3>\n\n\n\n<p>If you're in need of support you contact us through the support function in the app. Just click the \"cog\" symbol in the top left corner.<\/p>\n\n\n\n<p>Do you want to contact us regarding co-operations, press questions or similar thing you reach us via email at <a href=\"mailto:hej@techtify.se\">hej@techtify.se<\/a>.<\/p>","protected":false},"excerpt":{"rendered":"<p>Varf\u00f6r beh\u00f6ver jag ha Mobilt BankID? Vi har valt att anv\u00e4nda oss av Mobilt BankID av tre anledningar: Det ska vara smidigt och s\u00e4kert att logga in Dina kontaktuppgifter s\u00e5 som f\u00f6r- och efternamn h\u00e4mtas och l\u00e4ggs in automatiskt Varje anv\u00e4ndare kan bara ha ett konto vilket underl\u00e4ttar f\u00f6r alla Varf\u00f6r har ni ingen koppling&hellip;&nbsp;<a href=\"https:\/\/jippoo.com\/en\/vanliga-fragor\/\" rel=\"bookmark\">Read More &raquo;<span class=\"screen-reader-text\">FAQ<\/span><\/a><\/p>","protected":false},"author":1,"featured_media":0,"parent":0,"menu_order":0,"comment_status":"closed","ping_status":"closed","template":"","meta":{"neve_meta_sidebar":"","neve_meta_container":"","neve_meta_enable_content_width":"","neve_meta_content_width":0,"neve_meta_title_alignment":"","neve_meta_author_avatar":"","neve_post_elements_order":"","neve_meta_disable_header":"","neve_meta_disable_footer":"","neve_meta_disable_title":"","footnotes":""},"class_list":["post-177","page","type-page","status-publish","hentry"],"yoast_head":"<!-- This site is optimized with the Yoast SEO plugin v27.5 - https:\/\/yoast.com\/product\/yoast-seo-wordpress\/ -->\n<title>Vanliga fr\u00e5gor - Jippoo<\/title>\n<meta name=\"robots\" content=\"index, follow, max-snippet:-1, max-image-preview:large, max-video-preview:-1\" \/>\n<link rel=\"canonical\" href=\"https:\/\/jippoo.com\/en\/vanliga-fragor\/\" \/>\n<meta property=\"og:locale\" content=\"en_GB\" \/>\n<meta property=\"og:type\" content=\"article\" \/>\n<meta property=\"og:title\" content=\"Vanliga fr\u00e5gor - Jippoo\" \/>\n<meta property=\"og:description\" content=\"Varf\u00f6r beh\u00f6ver jag ha Mobilt BankID? Vi har valt att anv\u00e4nda oss av Mobilt BankID av tre anledningar: Det ska vara smidigt och s\u00e4kert att logga in Dina kontaktuppgifter s\u00e5 som f\u00f6r- och efternamn h\u00e4mtas och l\u00e4ggs in automatiskt Varje anv\u00e4ndare kan bara ha ett konto vilket underl\u00e4ttar f\u00f6r alla Varf\u00f6r har ni ingen koppling&hellip;&nbsp;Read More &raquo;Vanliga fr\u00e5gor\" \/>\n<meta property=\"og:url\" content=\"https:\/\/jippoo.com\/en\/vanliga-fragor\/\" \/>\n<meta property=\"og:site_name\" content=\"Jippoo\" \/>\n<meta property=\"article:modified_time\" content=\"2022-04-07T20:11:38+00:00\" \/>\n<meta name=\"twitter:card\" content=\"summary_large_image\" \/>\n<meta name=\"twitter:label1\" content=\"Estimated reading time\" \/>\n\t<meta name=\"twitter:data1\" content=\"2 minutes\" \/>\n<script type=\"application\/ld+json\" class=\"yoast-schema-graph\">{\"@context\":\"https:\\\/\\\/schema.org\",\"@graph\":[{\"@type\":\"WebPage\",\"@id\":\"https:\\\/\\\/jippoo.com\\\/vanliga-fragor\\\/\",\"url\":\"https:\\\/\\\/jippoo.com\\\/vanliga-fragor\\\/\",\"name\":\"Vanliga fr\u00e5gor - Jippoo\",\"isPartOf\":{\"@id\":\"https:\\\/\\\/jippoo.com\\\/#website\"},\"datePublished\":\"2022-03-27T16:55:02+00:00\",\"dateModified\":\"2022-04-07T20:11:38+00:00\",\"breadcrumb\":{\"@id\":\"https:\\\/\\\/jippoo.com\\\/vanliga-fragor\\\/#breadcrumb\"},\"inLanguage\":\"en-GB\",\"potentialAction\":[{\"@type\":\"ReadAction\",\"target\":[\"https:\\\/\\\/jippoo.com\\\/vanliga-fragor\\\/\"]}]},{\"@type\":\"BreadcrumbList\",\"@id\":\"https:\\\/\\\/jippoo.com\\\/vanliga-fragor\\\/#breadcrumb\",\"itemListElement\":[{\"@type\":\"ListItem\",\"position\":1,\"name\":\"Hem\",\"item\":\"https:\\\/\\\/jippoo.com\\\/\"},{\"@type\":\"ListItem\",\"position\":2,\"name\":\"Vanliga fr\u00e5gor\"}]},{\"@type\":\"WebSite\",\"@id\":\"https:\\\/\\\/jippoo.com\\\/#website\",\"url\":\"https:\\\/\\\/jippoo.com\\\/\",\"name\":\"Jippoo\",\"description\":\"Skapa event. Bjud in. Umg\u00e5s.\",\"publisher\":{\"@id\":\"https:\\\/\\\/jippoo.com\\\/#organization\"},\"potentialAction\":[{\"@type\":\"SearchAction\",\"target\":{\"@type\":\"EntryPoint\",\"urlTemplate\":\"https:\\\/\\\/jippoo.com\\\/?s={search_term_string}\"},\"query-input\":{\"@type\":\"PropertyValueSpecification\",\"valueRequired\":true,\"valueName\":\"search_term_string\"}}],\"inLanguage\":\"en-GB\"},{\"@type\":\"Organization\",\"@id\":\"https:\\\/\\\/jippoo.com\\\/#organization\",\"name\":\"Jippoo\",\"url\":\"https:\\\/\\\/jippoo.com\\\/\",\"logo\":{\"@type\":\"ImageObject\",\"inLanguage\":\"en-GB\",\"@id\":\"https:\\\/\\\/jippoo.com\\\/#\\\/schema\\\/logo\\\/image\\\/\",\"url\":\"https:\\\/\\\/jippoo.com\\\/wp-content\\\/uploads\\\/2021\\\/12\\\/logo_yellow.png\",\"contentUrl\":\"https:\\\/\\\/jippoo.com\\\/wp-content\\\/uploads\\\/2021\\\/12\\\/logo_yellow.png\",\"width\":226,\"height\":69,\"caption\":\"Jippoo\"},\"image\":{\"@id\":\"https:\\\/\\\/jippoo.com\\\/#\\\/schema\\\/logo\\\/image\\\/\"}}]}<\/script>\n<!-- \/ Yoast SEO plugin. -->","yoast_head_json":{"title":"Vanliga fr\u00e5gor - Jippoo","robots":{"index":"index","follow":"follow","max-snippet":"max-snippet:-1","max-image-preview":"max-image-preview:large","max-video-preview":"max-video-preview:-1"},"canonical":"https:\/\/jippoo.com\/en\/vanliga-fragor\/","og_locale":"en_GB","og_type":"article","og_title":"Vanliga fr\u00e5gor - Jippoo","og_description":"Varf\u00f6r beh\u00f6ver jag ha Mobilt BankID? Vi har valt att anv\u00e4nda oss av Mobilt BankID av tre anledningar: Det ska vara smidigt och s\u00e4kert att logga in Dina kontaktuppgifter s\u00e5 som f\u00f6r- och efternamn h\u00e4mtas och l\u00e4ggs in automatiskt Varje anv\u00e4ndare kan bara ha ett konto vilket underl\u00e4ttar f\u00f6r alla Varf\u00f6r har ni ingen koppling&hellip;&nbsp;Read More &raquo;Vanliga fr\u00e5gor","og_url":"https:\/\/jippoo.com\/en\/vanliga-fragor\/","og_site_name":"Jippoo","article_modified_time":"2022-04-07T20:11:38+00:00","twitter_card":"summary_large_image","twitter_misc":{"Estimated reading time":"2 minutes"},"schema":{"@context":"https:\/\/schema.org","@graph":[{"@type":"WebPage","@id":"https:\/\/jippoo.com\/vanliga-fragor\/","url":"https:\/\/jippoo.com\/vanliga-fragor\/","name":"Vanliga fr\u00e5gor - Jippoo","isPartOf":{"@id":"https:\/\/jippoo.com\/#website"},"datePublished":"2022-03-27T16:55:02+00:00","dateModified":"2022-04-07T20:11:38+00:00","breadcrumb":{"@id":"https:\/\/jippoo.com\/vanliga-fragor\/#breadcrumb"},"inLanguage":"en-GB","potentialAction":[{"@type":"ReadAction","target":["https:\/\/jippoo.com\/vanliga-fragor\/"]}]},{"@type":"BreadcrumbList","@id":"https:\/\/jippoo.com\/vanliga-fragor\/#breadcrumb","itemListElement":[{"@type":"ListItem","position":1,"name":"Hem","item":"https:\/\/jippoo.com\/"},{"@type":"ListItem","position":2,"name":"Vanliga fr\u00e5gor"}]},{"@type":"WebSite","@id":"https:\/\/jippoo.com\/#website","url":"https:\/\/jippoo.com\/","name":"Jippoo","description":"Skapa event. Bjud in. Umg\u00e5s.","publisher":{"@id":"https:\/\/jippoo.com\/#organization"},"potentialAction":[{"@type":"SearchAction","target":{"@type":"EntryPoint","urlTemplate":"https:\/\/jippoo.com\/?s={search_term_string}"},"query-input":{"@type":"PropertyValueSpecification","valueRequired":true,"valueName":"search_term_string"}}],"inLanguage":"en-GB"},{"@type":"Organization","@id":"https:\/\/jippoo.com\/#organization","name":"Jippoo","url":"https:\/\/jippoo.com\/","logo":{"@type":"ImageObject","inLanguage":"en-GB","@id":"https:\/\/jippoo.com\/#\/schema\/logo\/image\/","url":"https:\/\/jippoo.com\/wp-content\/uploads\/2021\/12\/logo_yellow.png","contentUrl":"https:\/\/jippoo.com\/wp-content\/uploads\/2021\/12\/logo_yellow.png","width":226,"height":69,"caption":"Jippoo"},"image":{"@id":"https:\/\/jippoo.com\/#\/schema\/logo\/image\/"}}]}},"_links":{"self":[{"href":"https:\/\/jippoo.com\/en\/wp-json\/wp\/v2\/pages\/177","targetHints":{"allow":["GET"]}}],"collection":[{"href":"https:\/\/jippoo.com\/en\/wp-json\/wp\/v2\/pages"}],"about":[{"href":"https:\/\/jippoo.com\/en\/wp-json\/wp\/v2\/types\/page"}],"author":[{"embeddable":true,"href":"https:\/\/jippoo.com\/en\/wp-json\/wp\/v2\/users\/1"}],"replies":[{"embeddable":true,"href":"https:\/\/jippoo.com\/en\/wp-json\/wp\/v2\/comments?post=177"}],"version-history":[{"count":3,"href":"https:\/\/jippoo.com\/en\/wp-json\/wp\/v2\/pages\/177\/revisions"}],"predecessor-version":[{"id":262,"href":"https:\/\/jippoo.com\/en\/wp-json\/wp\/v2\/pages\/177\/revisions\/262"}],"wp:attachment":[{"href":"https:\/\/jippoo.com\/en\/wp-json\/wp\/v2\/media?parent=177"}],"curies":[{"name":"wp","href":"https:\/\/api.w.org\/{rel}","templated":true}]}}